{"id":79,"date":"2026-03-09T10:12:55","date_gmt":"2026-03-09T10:12:55","guid":{"rendered":"https:\/\/eagletravel.pl\/index.php\/akademia-taneczna-2026\/"},"modified":"2026-03-09T10:24:38","modified_gmt":"2026-03-09T10:24:38","slug":"akademia-taneczna-2026","status":"publish","type":"page","link":"https:\/\/eagletravel.pl\/index.php\/akademia-taneczna-2026\/","title":{"rendered":"Akademia taneczna 2026"},"content":{"rendered":"<p data-start=\"231\" data-end=\"500\">Zapraszamy na wyj\u0105tkowy <strong data-start=\"255\" data-end=\"281\">letni ob\u00f3z na Mazurach<\/strong>, kt\u00f3ry \u0142\u0105czy aktywny wypoczynek, sport, kreatywno\u015b\u0107 i \u015bwietn\u0105 zabaw\u0119 w gronie r\u00f3wie\u015bnik\u00f3w. Przygotowali\u015bmy dwa programy tematyczne, dzi\u0119ki kt\u00f3rym ka\u017cde dziecko mo\u017ce rozwija\u0107 swoje pasje i prze\u017cy\u0107 niezapomniane wakacje.<\/p>\n<h2 data-section-id=\"173wgbw\" data-start=\"502\" data-end=\"511\">Termin<\/h2>\n<p data-start=\"512\" data-end=\"537\">\ud83d\udcc5 <strong data-start=\"515\" data-end=\"537\">28.06 \u2013 05.07.2026<\/strong><\/p>\n<h2 data-start=\"512\" data-end=\"537\"><strong data-start=\"1932\" data-end=\"1949\">Cena: 2950 z\u0142<\/strong><\/h2>\n<h2 data-section-id=\"1omffh7\" data-start=\"539\" data-end=\"549\">Miejsce<\/h2>\n<div id='gallery-1' class='gallery galleryid-79 gallery-columns-3 gallery-size-thumbnail'><figure class='gallery-item'>\n\t\t\t<div class='gallery-icon landscape'>\n\t\t\t\t<a href='https:\/\/eagletravel.pl\/zdjecie-whatsapp-2025-07-01-o-13-59-56_5ec7d976\/'><img loading=\"lazy\" decoding=\"async\" width=\"150\" height=\"150\" src=\"https:\/\/eagletravel.pl\/wp-content\/uploads\/2025\/10\/Zdjecie-WhatsApp-2025-07-01-o-13.59.56_5ec7d976-150x150.jpg\" class=\"attachment-thumbnail size-thumbnail\" alt=\"\" \/><\/a>\n\t\t\t<\/div><\/figure><figure class='gallery-item'>\n\t\t\t<div class='gallery-icon landscape'>\n\t\t\t\t<a href='https:\/\/eagletravel.pl\/zdjecie-whatsapp-2025-06-30-o-15-30-11_df82c389\/'><img loading=\"lazy\" decoding=\"async\" width=\"150\" height=\"150\" src=\"https:\/\/eagletravel.pl\/wp-content\/uploads\/2025\/10\/Zdjecie-WhatsApp-2025-06-30-o-15.30.11_df82c389-150x150.jpg\" class=\"attachment-thumbnail size-thumbnail\" alt=\"\" \/><\/a>\n\t\t\t<\/div><\/figure><figure class='gallery-item'>\n\t\t\t<div class='gallery-icon landscape'>\n\t\t\t\t<a href='https:\/\/eagletravel.pl\/zdjecie-whatsapp-2025-06-30-o-13-43-08_842fd604\/'><img loading=\"lazy\" decoding=\"async\" width=\"150\" height=\"150\" src=\"https:\/\/eagletravel.pl\/wp-content\/uploads\/2025\/10\/Zdjecie-WhatsApp-2025-06-30-o-13.43.08_842fd604-150x150.jpg\" class=\"attachment-thumbnail size-thumbnail\" alt=\"\" \/><\/a>\n\t\t\t<\/div><\/figure><figure class='gallery-item'>\n\t\t\t<div class='gallery-icon landscape'>\n\t\t\t\t<a href='https:\/\/eagletravel.pl\/zdjecie-whatsapp-2025-07-01-o-20-38-51_1bf49545\/'><img loading=\"lazy\" decoding=\"async\" width=\"150\" height=\"150\" src=\"https:\/\/eagletravel.pl\/wp-content\/uploads\/2025\/10\/Zdjecie-WhatsApp-2025-07-01-o-20.38.51_1bf49545-150x150.jpg\" class=\"attachment-thumbnail size-thumbnail\" alt=\"\" \/><\/a>\n\t\t\t<\/div><\/figure>\n\t\t<\/div>\n\n<p data-start=\"550\" data-end=\"735\">Ob\u00f3z odb\u0119dzie si\u0119 w <strong data-start=\"570\" data-end=\"624\">O\u015brodku Wypoczynkowym \u201eP\u00f3\u0142wysep W\u0105dzy\u0144\u201d w W\u0105dzyniu<\/strong> \u2013 pi\u0119knie po\u0142o\u017conym miejscu w\u015br\u00f3d natury, z dost\u0119pem do jeziora i \u015bwietn\u0105 infrastruktur\u0105 sportowo-rekreacyjn\u0105.<\/p>\n<hr data-start=\"737\" data-end=\"740\" \/>\n<h1 data-section-id=\"x380tg\" data-start=\"1241\" data-end=\"1272\">Akademia Ta\u0144ca i Kreatywno\u015bci<\/h1>\n<p data-start=\"1274\" data-end=\"1361\">Program przygotowany dla dzieci, kt\u00f3re uwielbiaj\u0105 <strong data-start=\"1324\" data-end=\"1360\">taniec, ruch i tw\u00f3rcze dzia\u0142ania<\/strong>.<\/p>\n<h3 data-section-id=\"2ewtce\" data-start=\"1363\" data-end=\"1384\">Treningi taneczne<\/h3>\n<p data-start=\"1385\" data-end=\"1470\">Codziennie <strong data-start=\"1396\" data-end=\"1424\">2 treningi (2\u20133 godziny)<\/strong> prowadzone przez do\u015bwiadczonych instruktor\u00f3w:<\/p>\n<ul data-start=\"1472\" data-end=\"1600\">\n<li data-section-id=\"6nu0aa\" data-start=\"1472\" data-end=\"1500\">\n<p data-start=\"1474\" data-end=\"1500\">technika ta\u0144ca jazzowego<\/p>\n<\/li>\n<li data-section-id=\"1vm3d0e\" data-start=\"1501\" data-end=\"1521\">\n<p data-start=\"1503\" data-end=\"1521\">taniec klasyczny<\/p>\n<\/li>\n<li data-section-id=\"1pmbag1\" data-start=\"1522\" data-end=\"1544\">\n<p data-start=\"1524\" data-end=\"1544\">taniec wsp\u00f3\u0142czesny<\/p>\n<\/li>\n<li data-section-id=\"1j42q7i\" data-start=\"1545\" data-end=\"1561\">\n<p data-start=\"1547\" data-end=\"1561\">choreografia<\/p>\n<\/li>\n<li data-section-id=\"wtt39w\" data-start=\"1562\" data-end=\"1585\">\n<p data-start=\"1564\" data-end=\"1585\">elementy akrobatyki<\/p>\n<\/li>\n<li data-section-id=\"1jk5ykn\" data-start=\"1586\" data-end=\"1600\">\n<p data-start=\"1588\" data-end=\"1600\">stretching<\/p>\n<\/li>\n<\/ul>\n<h3 data-section-id=\"qrrksp\" data-start=\"1602\" data-end=\"1623\">Zaj\u0119cia kreatywne<\/h3>\n<ul data-start=\"1624\" data-end=\"1742\">\n<li data-section-id=\"1eckvze\" data-start=\"1624\" data-end=\"1649\">\n<p data-start=\"1626\" data-end=\"1649\">tworzenie <strong data-start=\"1636\" data-end=\"1649\">bi\u017cuterii<\/strong><\/p>\n<\/li>\n<li data-section-id=\"f34go5\" data-start=\"1650\" data-end=\"1688\">\n<p data-start=\"1652\" data-end=\"1688\">projektowanie <strong data-start=\"1666\" data-end=\"1688\">pami\u0105tkowych toreb<\/strong><\/p>\n<\/li>\n<li data-section-id=\"1td6p6x\" data-start=\"1689\" data-end=\"1714\">\n<p data-start=\"1691\" data-end=\"1714\"><strong data-start=\"1691\" data-end=\"1714\">malowanie pastelami<\/strong><\/p>\n<\/li>\n<li data-section-id=\"bbbuww\" data-start=\"1715\" data-end=\"1742\">\n<p data-start=\"1717\" data-end=\"1742\">inne warsztaty plastyczne<\/p>\n<\/li>\n<\/ul>\n<h3 data-section-id=\"1jz194s\" data-start=\"1744\" data-end=\"1766\">Wielki fina\u0142 obozu<\/h3>\n<p data-start=\"1767\" data-end=\"1830\">Na zako\u0144czenie uczestnicy wezm\u0105 udzia\u0142 w wyj\u0105tkowym wydarzeniu:<\/p>\n<ul data-start=\"1832\" data-end=\"1927\">\n<li data-section-id=\"1jw8x9z\" data-start=\"1832\" data-end=\"1852\">\n<p data-start=\"1834\" data-end=\"1852\"><strong data-start=\"1834\" data-end=\"1852\">pokaz taneczny<\/strong><\/p>\n<\/li>\n<li data-section-id=\"3bi3h5\" data-start=\"1853\" data-end=\"1877\">\n<p data-start=\"1855\" data-end=\"1877\">nagranie <strong data-start=\"1864\" data-end=\"1877\">teledysku<\/strong><\/p>\n<\/li>\n<li data-section-id=\"7m8yld\" data-start=\"1878\" data-end=\"1905\">\n<p data-start=\"1880\" data-end=\"1905\"><strong data-start=\"1880\" data-end=\"1905\">turniej solo i duet\u00f3w<\/strong><\/p>\n<\/li>\n<li data-section-id=\"riw454\" data-start=\"1906\" data-end=\"1927\">\n<p data-start=\"1908\" data-end=\"1927\"><strong data-start=\"1908\" data-end=\"1927\">sesja zdj\u0119ciowa<\/strong><\/p>\n<\/li>\n<\/ul>\n<h3 data-section-id=\"ssq6ql\" data-start=\"851\" data-end=\"881\">A dodatkowo w programie mi\u0119dzy innymi:<\/h3>\n<ul data-start=\"882\" data-end=\"1212\">\n<li data-section-id=\"1a1340t\" data-start=\"882\" data-end=\"911\">\n<p data-start=\"884\" data-end=\"911\">p\u0142ywanie na <strong data-start=\"896\" data-end=\"911\">deskach SUP<\/strong><\/p>\n<\/li>\n<li data-section-id=\"13dpd6s\" data-start=\"912\" data-end=\"937\">\n<p data-start=\"914\" data-end=\"937\">zaj\u0119cia na <strong data-start=\"925\" data-end=\"937\">kajakach<\/strong><\/p>\n<\/li>\n<li data-section-id=\"bky410\" data-start=\"938\" data-end=\"973\">\n<p data-start=\"940\" data-end=\"973\">p\u0142ywanie na <strong data-start=\"952\" data-end=\"973\">rowerkach wodnych<\/strong><\/p>\n<\/li>\n<li data-section-id=\"1tezmg9\" data-start=\"974\" data-end=\"1075\">\n<p data-start=\"976\" data-end=\"992\">gry zespo\u0142owe:<\/p>\n<ul data-start=\"995\" data-end=\"1075\">\n<li data-section-id=\"ew08ey\" data-start=\"995\" data-end=\"1016\">\n<p data-start=\"997\" data-end=\"1016\">siatk\u00f3wka pla\u017cowa<\/p>\n<\/li>\n<li data-section-id=\"bsdq0j\" data-start=\"1019\" data-end=\"1042\">\n<p data-start=\"1021\" data-end=\"1042\">pi\u0142ka no\u017cna pla\u017cowa<\/p>\n<\/li>\n<li data-section-id=\"1jyd1hn\" data-start=\"1045\" data-end=\"1060\">\n<p data-start=\"1047\" data-end=\"1060\">pi\u0142ka no\u017cna<\/p>\n<\/li>\n<li data-section-id=\"1at8ms9\" data-start=\"1063\" data-end=\"1075\">\n<p data-start=\"1065\" data-end=\"1075\">koszyk\u00f3wka<\/p>\n<\/li>\n<\/ul>\n<\/li>\n<li data-section-id=\"1uc9c7s\" data-start=\"1076\" data-end=\"1097\">\n<p data-start=\"1078\" data-end=\"1097\"><strong data-start=\"1078\" data-end=\"1097\">baloniada wodna<\/strong><\/p>\n<\/li>\n<li data-section-id=\"ng6au7\" data-start=\"1098\" data-end=\"1137\">\n<p data-start=\"1100\" data-end=\"1137\">tor przeszk\u00f3d w stylu <strong data-start=\"1122\" data-end=\"1137\">Runmageddon<\/strong><\/p>\n<\/li>\n<li data-section-id=\"1wwm5go\" data-start=\"1138\" data-end=\"1165\">\n<p data-start=\"1140\" data-end=\"1165\">rozgrywki <strong data-start=\"1150\" data-end=\"1165\">Bumper Ball<\/strong><\/p>\n<\/li>\n<li data-section-id=\"p6qv1v\" data-start=\"1166\" data-end=\"1212\">\n<p data-start=\"1168\" data-end=\"1212\">emocjonuj\u0105ce mecze <strong data-start=\"1187\" data-end=\"1212\">laserowego paintballa<\/strong><\/p>\n<\/li>\n<\/ul>\n<hr data-start=\"1951\" data-end=\"1954\" \/>\n<h1 data-section-id=\"1k56xcq\" data-start=\"1956\" data-end=\"1971\">Cena obejmuje<\/h1>\n<ul data-start=\"1973\" data-end=\"2289\">\n<li data-section-id=\"11phfv0\" data-start=\"1973\" data-end=\"2040\">\n<p data-start=\"1975\" data-end=\"2040\">zakwaterowanie w <strong data-start=\"1992\" data-end=\"2040\">budynku hotelowym z pe\u0142nym w\u0119z\u0142em sanitarnym<\/strong><\/p>\n<\/li>\n<li data-section-id=\"1ghc4hx\" data-start=\"2041\" data-end=\"2095\">\n<p data-start=\"2043\" data-end=\"2095\"><strong data-start=\"2043\" data-end=\"2095\">transport autokarem Warszawa \u2013 W\u0105dzy\u0144 \u2013 Warszawa<\/strong><\/p>\n<\/li>\n<li data-section-id=\"y6vqq0\" data-start=\"2096\" data-end=\"2139\">\n<p data-start=\"2098\" data-end=\"2139\"><strong data-start=\"2098\" data-end=\"2139\">pe\u0142ne wy\u017cywienie (4 posi\u0142ki dziennie)<\/strong><\/p>\n<\/li>\n<li data-section-id=\"89ghew\" data-start=\"2140\" data-end=\"2175\">\n<p data-start=\"2142\" data-end=\"2175\">realizacj\u0119 pe\u0142nego programu obozu<\/p>\n<\/li>\n<li data-section-id=\"1kraqeg\" data-start=\"2176\" data-end=\"2225\">\n<p data-start=\"2178\" data-end=\"2225\">opiek\u0119 <strong data-start=\"2185\" data-end=\"2225\">wykwalifikowanej kadry pedagogicznej<\/strong><\/p>\n<\/li>\n<li data-section-id=\"1qbuq58\" data-start=\"2226\" data-end=\"2265\">\n<p data-start=\"2228\" data-end=\"2265\">instruktor\u00f3w, animator\u00f3w i ratownik\u00f3w<\/p>\n<\/li>\n<li data-section-id=\"104bp11\" data-start=\"2266\" data-end=\"2289\">\n<p data-start=\"2268\" data-end=\"2289\"><strong data-start=\"2268\" data-end=\"2289\">ubezpieczenie NNW<\/strong><\/p>\n<\/li>\n<\/ul>\n<p>&nbsp;<\/p>\n<h2 style=\"text-align: center;\">Zapisy:<\/h2>\n<p>&nbsp;<\/p>\n<p><iframe id=\"iFrameSkaleo2042415\" class=\"skaleo-iframe\" style=\"width: 1px; min-width: 100%; max-width: 100%; border: none; margin: 0; padding: 0; overflow: hidden;\" src=\"https:\/\/omikron.skaleo.pl\/wyjazdy\/mazurska-akademia-taneczna-2025\/?registration=registration&amp;singles_only=false&amp;lang=pl_PL\"><\/iframe><\/p>\n<p>&nbsp;<\/p>\n<p>&nbsp;<\/p>\n","protected":false},"excerpt":{"rendered":"<p>Zapraszamy na wyj\u0105tkowy letni ob\u00f3z na Mazurach, kt\u00f3ry \u0142\u0105czy aktywny wypoczynek, sport, kreatywno\u015b\u0107 i \u015bwietn\u0105 zabaw\u0119 w gronie r\u00f3wie\u015bnik\u00f3w. Przygotowali\u015bmy dwa programy tematyczne, dzi\u0119ki kt\u00f3rym ka\u017cde dziecko mo\u017ce rozwija\u0107 swoje pasje i prze\u017cy\u0107 niezapomniane wakacje. Termin \ud83d\udcc5 28.06 \u2013 05.07.2026 Cena: 2950 z\u0142 Miejsce Ob\u00f3z odb\u0119dzie si\u0119 w O\u015brodku Wypoczynkowym \u201eP\u00f3\u0142wysep W\u0105dzy\u0144\u201d w W\u0105dzyniu \u2013 [&hellip;]<\/p>\n","protected":false},"author":1,"featured_media":0,"parent":0,"menu_order":0,"comment_status":"closed","ping_status":"closed","template":"","meta":{"footnotes":""},"class_list":["post-79","page","type-page","status-publish","hentry"],"_links":{"self":[{"href":"https:\/\/eagletravel.pl\/index.php\/wp-json\/wp\/v2\/pages\/79","targetHints":{"allow":["GET"]}}],"collection":[{"href":"https:\/\/eagletravel.pl\/index.php\/wp-json\/wp\/v2\/pages"}],"about":[{"href":"https:\/\/eagletravel.pl\/index.php\/wp-json\/wp\/v2\/types\/page"}],"author":[{"embeddable":true,"href":"https:\/\/eagletravel.pl\/index.php\/wp-json\/wp\/v2\/users\/1"}],"replies":[{"embeddable":true,"href":"https:\/\/eagletravel.pl\/index.php\/wp-json\/wp\/v2\/comments?post=79"}],"version-history":[{"count":3,"href":"https:\/\/eagletravel.pl\/index.php\/wp-json\/wp\/v2\/pages\/79\/revisions"}],"predecessor-version":[{"id":84,"href":"https:\/\/eagletravel.pl\/index.php\/wp-json\/wp\/v2\/pages\/79\/revisions\/84"}],"wp:attachment":[{"href":"https:\/\/eagletravel.pl\/index.php\/wp-json\/wp\/v2\/media?parent=79"}],"curies":[{"name":"wp","href":"https:\/\/api.w.org\/{rel}","templated":true}]}}