{"id":17,"date":"2025-10-17T08:50:30","date_gmt":"2025-10-17T08:50:30","guid":{"rendered":"https:\/\/eagletravel.pl\/wordpress\/?page_id=17"},"modified":"2025-10-17T15:11:33","modified_gmt":"2025-10-17T15:11:33","slug":"kontakt","status":"publish","type":"page","link":"https:\/\/eagletravel.pl\/index.php\/kontakt\/","title":{"rendered":"Kontakt"},"content":{"rendered":"<div class=\"qJYHHd\" data-xid=\"aim-mars-turn-root\" data-asrc=\"true\">\n<div class=\"tonYlb\" data-tr-rsts=\"false\">\n<div>\n<div class=\"\">\n<div data-processed=\"true\">\n<div class=\"CKgc1d\" data-scope-id=\"turn\" data-processed=\"true\" data-complete=\"true\">\n<div class=\"Zkbeff\" data-subtree=\"aimc\" data-aimmrs=\"true\" data-wiz-uids=\"qKkt1c_2\" data-ved=\"2ahUKEwjPn6_kwauQAxUhRvEDHahEJksQ2O0OegYIAQgAEAA\" data-hveid=\"CAEIABAA\" data-processed=\"true\" data-complete=\"true\">\n<div class=\"pWvJNd\" data-processed=\"true\" data-complete=\"true\">\n<div class=\"mZJni Dn7Fzd\" dir=\"ltr\" data-container-id=\"main-col\" data-xid=\"VpUvz\" data-ved=\"2ahUKEwjPn6_kwauQAxUhRvEDHahEJksQ3KYQegYIAQgAEAE\" data-processed=\"true\">\n<div class=\"Y3BBE\" data-sfc-cp=\"\" data-hveid=\"CAEIAxAA\" data-processed=\"true\" data-complete=\"true\">Masz pytania dotycz\u0105ce naszej oferty lub chcesz uszy\u0107 wyjazd na miar\u0119? Skontaktuj si\u0119 z nami! Jeste\u015bmy do Twojej dyspozycji.<\/div>\n<div class=\"Fsg96\" data-sfc-cp=\"\" data-processed=\"true\" data-complete=\"true\"><\/div>\n<div class=\"otQkpb\" role=\"heading\" aria-level=\"3\" data-animation-nesting=\"\" data-sfc-cp=\"\" data-complete=\"true\" data-processed=\"true\" data-sae=\"\"><strong class=\"Yjhzub\" data-complete=\"true\">Dane kontaktowe<\/strong><\/div>\n<div class=\"Y3BBE\" data-sfc-cp=\"\" data-hveid=\"CAEIBBAA\" data-processed=\"true\" data-complete=\"true\"><strong class=\"Yjhzub\" data-complete=\"true\" data-processed=\"true\">Eagle Travel Maciej Stawiarski<\/strong><br data-serialized-params=\"[]\" data-complete=\"true\" data-processed=\"true\" \/><strong class=\"Yjhzub\" data-complete=\"true\" data-processed=\"true\">Adres:<\/strong>\u00a0Ko\u015bcielna Droga 38 C, 05-092 \u0141omianki Dolne<\/div>\n<div class=\"Y3BBE\" data-sfc-cp=\"\" data-hveid=\"CAEIBRAA\" data-processed=\"true\" data-complete=\"true\"><strong class=\"Yjhzub\" data-complete=\"true\" data-processed=\"true\">Numer koncesji:<\/strong>\u00a02499<br data-serialized-params=\"[]\" data-complete=\"true\" data-processed=\"true\" \/><strong class=\"Yjhzub\" data-complete=\"true\" data-processed=\"true\">NIP:<\/strong>\u00a01181941817<\/div>\n<div class=\"Y3BBE\" data-sfc-cp=\"\" data-hveid=\"CAEIBhAA\" data-processed=\"true\" data-complete=\"true\"><strong class=\"Yjhzub\" data-complete=\"true\" data-processed=\"true\">Telefon:<\/strong> 509 174 312<br data-serialized-params=\"[]\" data-complete=\"true\" data-processed=\"true\" \/><strong class=\"Yjhzub\" data-complete=\"true\" data-processed=\"true\">E-mail:<\/strong> turystyka.eagletravel@gmail.com<\/div>\n<div data-sfc-cp=\"\" data-hveid=\"CAEIBhAA\" data-processed=\"true\" data-complete=\"true\"><strong>Nr konta: 86 1050 1025 1000 0097 6671 2328<\/strong><\/div>\n<div class=\"Fsg96\" data-sfc-cp=\"\" data-processed=\"true\" data-complete=\"true\"><\/div>\n<div class=\"Y3BBE\" data-sfc-cp=\"\" data-hveid=\"CAEIChAA\" data-processed=\"true\" data-complete=\"true\"><\/div>\n<div class=\"Fsg96\" data-sfc-cp=\"\" data-processed=\"true\" data-complete=\"true\"><\/div>\n<div data-xid=\"Gd7Hsc\" data-sfc-cp=\"\" data-wiz-uids=\"qKkt1c_1l\" data-complete=\"true\" data-processed=\"true\">\n<div class=\"DBd2Wb\" data-complete=\"true\" data-processed=\"true\">\n<div class=\"zkL70c\" data-complete=\"true\" data-processed=\"true\">\n<div class=\"\" data-complete=\"true\" data-processed=\"true\">\n<div class=\"csTa2e\" data-sfc-cp=\"\" data-wiz-uids=\"qKkt1c_1o,qKkt1c_1n,qKkt1c_1p,qKkt1c_1q\" data-signal-inputs=\"\" data-complete=\"true\" data-processed=\"true\">\n<div class=\"Tywadc\" data-complete=\"true\" data-processed=\"true\">\n<div id=\"shrproxyA1zyaI-SPKGMxc8PqImZ2QQ_1\" class=\"bQ0Yzc\" data-sfc-cp=\"\" data-wiz-uids=\"qKkt1c_1r,qKkt1c_1s,qKkt1c_1t,qKkt1c_1u\" data-signal-inputs=\"N7abZd=a5f0he\/TVP8Qe;\" data-ved=\"2ahUKEwjPn6_kwauQAxUhRvEDHahEJksQp4QQegYIAQgOEAI\" data-hveid=\"CAEIDhAC\" data-complete=\"true\" data-processed=\"true\"><button class=\"eGAasd\" aria-label=\" Udost\u0119pnij\" data-processed=\"true\"><\/button><\/p>\n<div data-wiz-uids=\"qKkt1c_1w\" data-signal-inputs=\"iWO5td=WPf93c\/TVP8Qe\" data-complete=\"true\" data-processed=\"true\"><\/div>\n<div data-wiz-uids=\"qKkt1c_1y\" data-signal-inputs=\"iWO5td=WPf93c\/Zxo6Vb\" data-complete=\"true\" data-processed=\"true\"><\/div>\n<div data-wiz-uids=\"qKkt1c_20\" data-signal-inputs=\"iWO5td=WPf93c\/moMghe\" data-complete=\"true\" data-processed=\"true\"><\/div>\n<\/div>\n<\/div>\n<\/div>\n<\/div>\n<div class=\"VlQBpc\" data-wiz-uids=\"qKkt1c_21,qKkt1c_22,qKkt1c_23\" data-complete=\"true\" data-processed=\"true\"><\/div>\n<\/div>\n<\/div>\n<div data-zzy=\"1\" data-processed=\"true\"><\/div>\n<\/div>\n<div class=\"Fsg96\" data-sfc-cp=\"\" data-processed=\"true\" data-complete=\"true\"><\/div>\n<div data-subtree=\"aimba\" data-complete=\"true\" data-processed=\"true\"><\/div>\n<\/div>\n<div class=\"SGF5Lb\" data-processed=\"true\">\n<div data-container-id=\"6\" data-processed=\"true\"><\/div>\n<\/div>\n<div class=\"SGF5Lb\" data-processed=\"true\">\n<div data-container-id=\"7\" data-processed=\"true\"><\/div>\n<\/div>\n<div class=\"SGF5Lb\" data-processed=\"true\">\n<div data-container-id=\"8\" data-processed=\"true\"><\/div>\n<\/div>\n<div class=\"SGF5Lb\" data-processed=\"true\">\n<div data-container-id=\"9\" data-processed=\"true\"><\/div>\n<\/div>\n<div class=\"SGF5Lb\" data-processed=\"true\">\n<div data-container-id=\"10\" data-processed=\"true\"><\/div>\n<\/div>\n<\/div>\n<div class=\"\" data-complete=\"true\" data-processed=\"true\">\n<div class=\"ofHStc\" data-container-id=\"rhs-col\" data-ved=\"2ahUKEwjPn6_kwauQAxUhRvEDHahEJksQ3aYQegYIAQgAEAI\" data-processed=\"true\">\n<div data-container-id=\"12\" data-processed=\"true\"><\/div>\n<\/div>\n<\/div>\n<div data-xid=\"aQR2uf\" data-processed=\"true\"><\/div>\n<\/div>\n<\/div>\n<div data-processed=\"true\"><\/div>\n<div data-processed=\"true\"><\/div>\n<div data-processed=\"true\"><\/div>\n<div data-complete=\"true\" data-processed=\"true\"><\/div>\n<div data-complete=\"true\" data-processed=\"true\"><\/div>\n<div data-complete=\"true\" data-processed=\"true\"><\/div>\n<div data-processed=\"true\"><\/div>\n<div data-processed=\"true\"><\/div>\n<div data-complete=\"true\" data-processed=\"true\"><\/div>\n<div data-processed=\"true\"><\/div>\n<div data-processed=\"true\"><\/div>\n<div data-processed=\"true\"><\/div>\n<div data-processed=\"true\"><\/div>\n<div data-complete=\"true\" data-processed=\"true\"><\/div>\n<div data-processed=\"true\"><\/div>\n<div data-processed=\"true\"><\/div>\n<div data-processed=\"true\"><\/div>\n<div data-complete=\"true\" data-processed=\"true\"><\/div>\n<div data-complete=\"true\" data-processed=\"true\"><\/div>\n<div data-processed=\"true\"><\/div>\n<div data-processed=\"true\"><\/div>\n<div data-complete=\"true\" data-processed=\"true\"><\/div>\n<div data-processed=\"true\"><\/div>\n<div data-processed=\"true\"><\/div>\n<div data-complete=\"true\" data-processed=\"true\"><\/div>\n<div data-processed=\"true\"><\/div>\n<div data-processed=\"true\"><\/div>\n<div data-complete=\"true\" data-processed=\"true\"><\/div>\n<div data-complete=\"true\" data-processed=\"true\"><\/div>\n<div data-processed=\"true\"><\/div>\n<div data-complete=\"true\" data-processed=\"true\"><\/div>\n<div data-complete=\"true\" data-processed=\"true\"><\/div>\n<div data-processed=\"true\"><\/div>\n<div data-mcsf=\"true\" data-processed=\"true\"><\/div>\n<\/div>\n<\/div>\n<\/div>\n<\/div>\n<\/div>\n<div class=\"maNQof\"><\/div>\n<div class=\"y4VEUd\">\n<div class=\"t0ITR\">\n<div data-wiz-uids=\"OwuoRc_2t,OwuoRc_2u,OwuoRc_2v,OwuoRc_2w,OwuoRc_2x,OwuoRc_2y,OwuoRc_2z,OwuoRc_30,OwuoRc_31,OwuoRc_32,OwuoRc_33\" data-signal-inputs=\"qs41qe=rxXg4d\/JB9qoc;NfteUb=rxXg4d\/w6MSic;YENNMd=rxXg4d\/wQ7Xrd;Vmbeob=rxXg4d\/uv8q2b;ZWOdh=rxXg4d\/BlNk9c\">\n<div class=\"UAbVe iUTYAe YBkage sk67dc\" data-xid=\"aim-mars-input-plate\" data-active=\"input-plate-active\">\n<div><\/div>\n<div class=\"AgWCw\">\n<div class=\"Zze5V\"><\/div>\n<div class=\"jUiaTd\"><\/div>\n<div class=\"esoFne\">\n<div class=\"yaj8zd\">\n<div class=\"iLxK4c DoMzQb\" tabindex=\"-1\" data-sfc-cp=\"\" data-wiz-uids=\"OwuoRc_34\" data-signal-inputs=\"YwES9e=P5gZDb\/AnD67c\"><\/div>\n<\/div>\n<\/div>\n<\/div>\n<\/div>\n<\/div>\n<\/div>\n<\/div>\n","protected":false},"excerpt":{"rendered":"<p>Masz pytania dotycz\u0105ce naszej oferty lub chcesz uszy\u0107 wyjazd na miar\u0119? Skontaktuj si\u0119 z nami! Jeste\u015bmy do Twojej dyspozycji. Dane kontaktowe Eagle Travel Maciej StawiarskiAdres:\u00a0Ko\u015bcielna Droga 38 C, 05-092 \u0141omianki Dolne Numer koncesji:\u00a02499NIP:\u00a01181941817 Telefon: 509 174 312E-mail: turystyka.eagletravel@gmail.com Nr konta: 86 1050 1025 1000 0097 6671 2328<\/p>\n","protected":false},"author":1,"featured_media":0,"parent":0,"menu_order":0,"comment_status":"closed","ping_status":"closed","template":"","meta":{"footnotes":""},"class_list":["post-17","page","type-page","status-publish","hentry"],"_links":{"self":[{"href":"https:\/\/eagletravel.pl\/index.php\/wp-json\/wp\/v2\/pages\/17","targetHints":{"allow":["GET"]}}],"collection":[{"href":"https:\/\/eagletravel.pl\/index.php\/wp-json\/wp\/v2\/pages"}],"about":[{"href":"https:\/\/eagletravel.pl\/index.php\/wp-json\/wp\/v2\/types\/page"}],"author":[{"embeddable":true,"href":"https:\/\/eagletravel.pl\/index.php\/wp-json\/wp\/v2\/users\/1"}],"replies":[{"embeddable":true,"href":"https:\/\/eagletravel.pl\/index.php\/wp-json\/wp\/v2\/comments?post=17"}],"version-history":[{"count":3,"href":"https:\/\/eagletravel.pl\/index.php\/wp-json\/wp\/v2\/pages\/17\/revisions"}],"predecessor-version":[{"id":57,"href":"https:\/\/eagletravel.pl\/index.php\/wp-json\/wp\/v2\/pages\/17\/revisions\/57"}],"wp:attachment":[{"href":"https:\/\/eagletravel.pl\/index.php\/wp-json\/wp\/v2\/media?parent=17"}],"curies":[{"name":"wp","href":"https:\/\/api.w.org\/{rel}","templated":true}]}}