{"id":12,"date":"2025-10-17T08:47:18","date_gmt":"2025-10-17T08:47:18","guid":{"rendered":"https:\/\/eagletravel.pl\/wordpress\/?page_id=12"},"modified":"2026-02-19T15:33:21","modified_gmt":"2026-02-19T15:33:21","slug":"kolonie-i-obozy","status":"publish","type":"page","link":"https:\/\/eagletravel.pl\/index.php\/kolonie-i-obozy\/","title":{"rendered":"Kolonie przygodowe"},"content":{"rendered":"\r\n<h3 data-start=\"0\" data-end=\"94\">Kolonie Przygodowe w O\u015brodek Wypoczynkowy Bumerang \u2013 <span class=\"hover:entity-accent entity-underline inline cursor-pointer align-baseline\"><span class=\"whitespace-normal\">K\u0105ty Rybackie<\/span><\/span><\/h3>\r\n<p data-start=\"96\" data-end=\"405\">Zapraszamy na wyj\u0105tkowe kolonie przygodowe nad polskim morzem \u2013 w miejscu, gdzie natura spotyka si\u0119 z pasj\u0105 do aktywnego wypoczynku. Nasz\u0105 baz\u0105 jest sprawdzony i ceniony <strong data-start=\"266\" data-end=\"299\">O\u015brodek Wypoczynkowy Bumerang<\/strong> po\u0142o\u017cony w malowniczych K\u0105tach Rybackich \u2013 sercu Mierzei Wi\u015blanej, pomi\u0119dzy Ba\u0142tykiem a Zalewem Wi\u015blanym.<\/p>\r\n<p data-start=\"407\" data-end=\"473\">To 10 dni pe\u0142nych emocji, ruchu, integracji i prawdziwej przygody!<\/p>\r\n<div id='gallery-1' class='gallery galleryid-12 gallery-columns-3 gallery-size-thumbnail'><figure class='gallery-item'>\n\t\t\t<div class='gallery-icon landscape'>\n\t\t\t\t<a href='https:\/\/eagletravel.pl\/index.php\/kolonie-i-obozy\/box2\/'><img loading=\"lazy\" decoding=\"async\" width=\"150\" height=\"150\" src=\"https:\/\/eagletravel.pl\/wp-content\/uploads\/2026\/02\/box2-150x150.jpg\" class=\"attachment-thumbnail size-thumbnail\" alt=\"\" \/><\/a>\n\t\t\t<\/div><\/figure><figure class='gallery-item'>\n\t\t\t<div class='gallery-icon portrait'>\n\t\t\t\t<a href='https:\/\/eagletravel.pl\/index.php\/kolonie-i-obozy\/img_6446\/'><img loading=\"lazy\" decoding=\"async\" width=\"150\" height=\"150\" src=\"https:\/\/eagletravel.pl\/wp-content\/uploads\/2026\/02\/IMG_6446-150x150.jpeg\" class=\"attachment-thumbnail size-thumbnail\" alt=\"\" \/><\/a>\n\t\t\t<\/div><\/figure><figure class='gallery-item'>\n\t\t\t<div class='gallery-icon portrait'>\n\t\t\t\t<a href='https:\/\/eagletravel.pl\/index.php\/kolonie-i-obozy\/img_6448\/'><img loading=\"lazy\" decoding=\"async\" width=\"150\" height=\"150\" src=\"https:\/\/eagletravel.pl\/wp-content\/uploads\/2026\/02\/IMG_6448-150x150.jpeg\" class=\"attachment-thumbnail size-thumbnail\" alt=\"\" \/><\/a>\n\t\t\t<\/div><\/figure><figure class='gallery-item'>\n\t\t\t<div class='gallery-icon portrait'>\n\t\t\t\t<a href='https:\/\/eagletravel.pl\/index.php\/kolonie-i-obozy\/img_2929\/'><img loading=\"lazy\" decoding=\"async\" width=\"150\" height=\"150\" src=\"https:\/\/eagletravel.pl\/wp-content\/uploads\/2026\/02\/IMG_2929-150x150.jpg\" class=\"attachment-thumbnail size-thumbnail\" alt=\"\" \/><\/a>\n\t\t\t<\/div><\/figure><figure class='gallery-item'>\n\t\t\t<div class='gallery-icon portrait'>\n\t\t\t\t<a href='https:\/\/eagletravel.pl\/index.php\/kolonie-i-obozy\/img_2854\/'><img loading=\"lazy\" decoding=\"async\" width=\"150\" height=\"150\" src=\"https:\/\/eagletravel.pl\/wp-content\/uploads\/2026\/02\/IMG_2854-150x150.jpg\" class=\"attachment-thumbnail size-thumbnail\" alt=\"\" \/><\/a>\n\t\t\t<\/div><\/figure>\n\t\t<\/div>\n\r\n<hr data-start=\"475\" data-end=\"478\" \/>\r\n<h2 data-start=\"480\" data-end=\"504\">Co czeka uczestnik\u00f3w?<\/h2>\r\n<h3 data-start=\"506\" data-end=\"532\">\ud83c\udf32 Na l\u0105dzie i w lesie<\/h3>\r\n<ul data-start=\"533\" data-end=\"876\">\r\n<li data-start=\"533\" data-end=\"626\">\r\n<p data-start=\"535\" data-end=\"626\"><strong data-start=\"535\" data-end=\"559\">Wielkie Poszukiwania<\/strong> \u2013 tworzenie map skarb\u00f3w i emocjonuj\u0105ce zadania terenowe na pla\u017cy<\/p>\r\n<\/li>\r\n<li data-start=\"627\" data-end=\"720\">\r\n<p data-start=\"629\" data-end=\"720\"><strong data-start=\"629\" data-end=\"649\">Szko\u0142a Survivalu<\/strong> \u2013 budowa sza\u0142as\u00f3w, zak\u0142adanie obozowiska i tropienie \u015blad\u00f3w zwierz\u0105t<\/p>\r\n<\/li>\r\n<li data-start=\"721\" data-end=\"795\">\r\n<p data-start=\"723\" data-end=\"795\"><strong data-start=\"723\" data-end=\"743\">Sztuka Nawigacji<\/strong> \u2013 nauka czytania mapy i pos\u0142ugiwania si\u0119 kompasem<\/p>\r\n<\/li>\r\n<li data-start=\"796\" data-end=\"876\">\r\n<p data-start=\"798\" data-end=\"876\"><strong data-start=\"798\" data-end=\"825\">Gry terenowe i podchody<\/strong> \u2013 integracja, wsp\u00f3\u0142praca i mn\u00f3stwo dobrej zabawy<\/p>\r\n<\/li>\r\n<\/ul>\r\n<h3 data-start=\"878\" data-end=\"905\">\ud83c\udf0a W wodzie i na falach<\/h3>\r\n<ul data-start=\"906\" data-end=\"1072\">\r\n<li data-start=\"906\" data-end=\"994\">\r\n<p data-start=\"908\" data-end=\"994\"><strong data-start=\"908\" data-end=\"928\">Morskie Igrzyska<\/strong> \u2013 konkursy pla\u017cowe i wielkie poszukiwanie ba\u0142tyckich bursztyn\u00f3w<\/p>\r\n<\/li>\r\n<li data-start=\"995\" data-end=\"1072\">\r\n<p data-start=\"997\" data-end=\"1072\"><strong data-start=\"997\" data-end=\"1015\">Wodne Wyzwania<\/strong> \u2013 SUP-y i kajaki na spokojnych wodach Zalewu Wi\u015blanego<\/p>\r\n<\/li>\r\n<\/ul>\r\n<h3 data-start=\"1074\" data-end=\"1099\">\ud83d\udeb4 Na szlaku przygody<\/h3>\r\n<ul data-start=\"1100\" data-end=\"1347\">\r\n<li data-start=\"1100\" data-end=\"1154\">\r\n<p data-start=\"1102\" data-end=\"1154\">Wyprawy rowerowe przez malownicz\u0105 Mierzej\u0119 Wi\u015blan\u0105<\/p>\r\n<\/li>\r\n<li data-start=\"1155\" data-end=\"1205\">\r\n<p data-start=\"1157\" data-end=\"1205\">Przyrodnicze zadania dla m\u0142odych Eko-Odkrywc\u00f3w<\/p>\r\n<\/li>\r\n<li data-start=\"1206\" data-end=\"1347\">\r\n<p data-start=\"1208\" data-end=\"1347\">Historyczna wyprawa do imponuj\u0105cego <span class=\"hover:entity-accent entity-underline inline cursor-pointer align-baseline\"><span class=\"whitespace-normal\">Zamek w Malborku<\/span><\/span> \u2013 \u017cywa lekcja historii w jednym z najwi\u0119kszych zamk\u00f3w w Europie<\/p>\r\n<\/li>\r\n<\/ul>\r\n<hr data-start=\"1349\" data-end=\"1352\" \/>\r\n<h2 data-start=\"1354\" data-end=\"1393\">Dlaczego warto wybra\u0107 nasze kolonie?<\/h2>\r\n<p data-start=\"1395\" data-end=\"1637\">Jeste\u015bmy <strong data-start=\"1404\" data-end=\"1499\">firm\u0105 rodzinn\u0105 z wieloletnim do\u015bwiadczeniem w organizacji wypoczynku dla dzieci i m\u0142odzie\u017cy<\/strong>. Od ponad dekady tworzymy bezpieczne, dopracowane programy wyjazd\u00f3w \u2013 pe\u0142ne przyg\u00f3d, ale zawsze pod czujnym okiem wykwalifikowanej kadry.<\/p>\r\n<p data-start=\"1639\" data-end=\"1651\">Stawiamy na:<\/p>\r\n<ul data-start=\"1652\" data-end=\"1815\">\r\n<li data-start=\"1652\" data-end=\"1698\">\r\n<p data-start=\"1654\" data-end=\"1698\">bezpiecze\u0144stwo i sprawdzon\u0105 infrastruktur\u0119<\/p>\r\n<\/li>\r\n<li data-start=\"1699\" data-end=\"1733\">\r\n<p data-start=\"1701\" data-end=\"1733\">aktywno\u015b\u0107 na \u015bwie\u017cym powietrzu<\/p>\r\n<\/li>\r\n<li data-start=\"1734\" data-end=\"1780\">\r\n<p data-start=\"1736\" data-end=\"1780\">budowanie samodzielno\u015bci i pewno\u015bci siebie<\/p>\r\n<\/li>\r\n<li data-start=\"1781\" data-end=\"1815\">\r\n<p data-start=\"1783\" data-end=\"1815\">integracj\u0119 i prawdziwe relacje<\/p>\r\n<\/li>\r\n<\/ul>\r\n<p data-start=\"1817\" data-end=\"1902\">Ka\u017cdy wyjazd przygotowujemy z ogromnym zaanga\u017cowaniem \u2013 tak, jak dla w\u0142asnych dzieci.<\/p>\r\n<hr data-start=\"1904\" data-end=\"1907\" \/>\r\n<p data-start=\"1909\" data-end=\"2059\">Kolonie przygodowe w OW Bumerang to idealne po\u0142\u0105czenie ruchu, natury i wakacyjnej swobody. Morze, las, jezioro i przygoda \u2013 wszystko w jednym miejscu.<\/p>\r\n<p data-start=\"1909\" data-end=\"2059\">\u00a0<\/p>\r\n<p data-start=\"1909\" data-end=\"2059\">Zapisz si\u0119 ju\u017c dzi\u015b<\/p>\r\n<p><script src=\"https:\/\/omikron.skaleo.pl\/wp-content\/themes\/skaleo\/js\/iframeResizer.min.js?=1.13\"><\/script><iframe id=\"iFrameSkaleo1985717\" class=\"skaleo-iframe\" style=\"width: 1px; min-width: 100%; max-width: 100%; border: none; margin: 0; padding: 0; overflow: hidden;\" src=\"https:\/\/omikron.skaleo.pl\/wyjazdy\/kolonie-letnie-w-jastrzebiej-gorze\/?registration=registration&amp;singles_only=false&amp;lang=pl_PL\"><\/iframe><\/p>","protected":false},"excerpt":{"rendered":"<p>Kolonie Przygodowe w O\u015brodek Wypoczynkowy Bumerang \u2013 K\u0105ty Rybackie Zapraszamy na wyj\u0105tkowe kolonie przygodowe nad polskim morzem \u2013 w miejscu, gdzie natura spotyka si\u0119 z pasj\u0105 do aktywnego wypoczynku. Nasz\u0105 baz\u0105 jest sprawdzony i ceniony O\u015brodek Wypoczynkowy Bumerang po\u0142o\u017cony w malowniczych K\u0105tach Rybackich \u2013 sercu Mierzei Wi\u015blanej, pomi\u0119dzy Ba\u0142tykiem a Zalewem Wi\u015blanym. To 10 dni [&hellip;]<\/p>\n","protected":false},"author":1,"featured_media":0,"parent":0,"menu_order":0,"comment_status":"closed","ping_status":"closed","template":"","meta":{"footnotes":""},"class_list":["post-12","page","type-page","status-publish","hentry"],"_links":{"self":[{"href":"https:\/\/eagletravel.pl\/index.php\/wp-json\/wp\/v2\/pages\/12","targetHints":{"allow":["GET"]}}],"collection":[{"href":"https:\/\/eagletravel.pl\/index.php\/wp-json\/wp\/v2\/pages"}],"about":[{"href":"https:\/\/eagletravel.pl\/index.php\/wp-json\/wp\/v2\/types\/page"}],"author":[{"embeddable":true,"href":"https:\/\/eagletravel.pl\/index.php\/wp-json\/wp\/v2\/users\/1"}],"replies":[{"embeddable":true,"href":"https:\/\/eagletravel.pl\/index.php\/wp-json\/wp\/v2\/comments?post=12"}],"version-history":[{"count":9,"href":"https:\/\/eagletravel.pl\/index.php\/wp-json\/wp\/v2\/pages\/12\/revisions"}],"predecessor-version":[{"id":77,"href":"https:\/\/eagletravel.pl\/index.php\/wp-json\/wp\/v2\/pages\/12\/revisions\/77"}],"wp:attachment":[{"href":"https:\/\/eagletravel.pl\/index.php\/wp-json\/wp\/v2\/media?parent=12"}],"curies":[{"name":"wp","href":"https:\/\/api.w.org\/{rel}","templated":true}]}}